{"id":430,"date":"2015-08-28T16:36:37","date_gmt":"2015-08-28T19:36:37","guid":{"rendered":"http:\/\/www.techno-5eme.collomp.fr\/?page_id=430"},"modified":"2015-08-28T16:36:37","modified_gmt":"2015-08-28T19:36:37","slug":"ressources-sur-linformatique","status":"publish","type":"page","link":"http:\/\/www.techno-5eme.collomp.fr\/?page_id=430","title":{"rendered":"Ressources sur l&rsquo;informatique"},"content":{"rendered":"<p>Voici des animations qui vous aideront \u00e0 mieux conna\u00eetre le PC et Internet. Ces animations sont r\u00e9alis\u00e9es par la Cit\u00e9 des Sciences.<\/p>\n<p><strong><span style=\"text-decoration: underline;\">Le CLAVIER :<\/span><\/strong><\/p>\n<p><a href=\"http:\/\/www.cite-sciences.fr\/au-programme\/lieux-ressources\/carrefour-numerique2\/tutoriel\/cyberbase03\/\" target=\"_blank\"><img decoding=\"async\" loading=\"lazy\" class=\"alignnone size-full wp-image-505\" src=\"http:\/\/techno-6eme.collomp.fr\/wp-content\/uploads\/2015\/08\/famille-d\u00e9clic.png\" alt=\"famille d\u00e9clic\" width=\"200\" height=\"137\" \/><\/a><\/p>\n<p><span style=\"text-decoration: underline;\"><strong>APPRENDRE A MANIPULER LA SOURIS :<\/strong><\/span><\/p>\n<p><a href=\"http:\/\/www.cite-sciences.fr\/au-programme\/lieux-ressources\/carrefour-numerique\/tutoriel\/cyberbase05\/index.html\" target=\"_blank\"><img decoding=\"async\" loading=\"lazy\" class=\"alignnone size-full wp-image-505\" src=\"http:\/\/techno-6eme.collomp.fr\/wp-content\/uploads\/2015\/08\/famille-d\u00e9clic.png\" alt=\"famille d\u00e9clic\" width=\"200\" height=\"137\" \/><\/a><\/p>\n<p><span style=\"text-decoration: underline;\"><strong>L&rsquo;ORDINATEUR ET SES PERIPHERIQUES :<\/strong><\/span><\/p>\n<p><a href=\"http:\/\/www.cite-sciences.fr\/au-programme\/lieux-ressources\/carrefour-numerique2\/tutoriel\/ordinateur\/cyberbase09_home.html\" target=\"_blank\"><img decoding=\"async\" loading=\"lazy\" class=\"alignnone size-full wp-image-505\" src=\"http:\/\/techno-6eme.collomp.fr\/wp-content\/uploads\/2015\/08\/famille-d\u00e9clic.png\" alt=\"famille d\u00e9clic\" width=\"200\" height=\"137\" \/><\/a><\/p>\n<p><strong><span style=\"text-decoration: underline;\">L&rsquo;ARBORESCENCE DES FICHIERS :<\/span><\/strong><\/p>\n<p><a href=\"http:\/\/www.cite-sciences.fr\/au-programme\/lieux-ressources\/carrefour-numerique2\/tutoriel\/cyberbase04\/\" target=\"_blank\"><img decoding=\"async\" loading=\"lazy\" class=\"alignnone size-full wp-image-505\" src=\"http:\/\/techno-6eme.collomp.fr\/wp-content\/uploads\/2015\/08\/famille-d\u00e9clic.png\" alt=\"famille d\u00e9clic\" width=\"200\" height=\"137\" \/><\/a><\/p>\n<p><strong><span style=\"text-decoration: underline;\">LA RESOLUTION D&rsquo;ECRAN :<\/span><\/strong><\/p>\n<p><a href=\"http:\/\/www.cite-sciences.fr\/au-programme\/lieux-ressources\/carrefour-numerique\/tutoriel\/cyberbase02\/index.html\" target=\"_blank\"><img decoding=\"async\" loading=\"lazy\" class=\"alignnone size-full wp-image-505\" src=\"http:\/\/techno-6eme.collomp.fr\/wp-content\/uploads\/2015\/08\/famille-d\u00e9clic.png\" alt=\"famille d\u00e9clic\" width=\"200\" height=\"137\" \/><\/a><\/p>\n<p><span style=\"text-decoration: underline;\"><strong>LE CHEMINEMENT D&rsquo;UN MAIL :<\/strong><\/span><\/p>\n<p><a href=\"http:\/\/www.cite-sciences.fr\/au-programme\/lieux-ressources\/carrefour-numerique2\/tutoriel\/cyberbase01\/\" target=\"_blank\"><img decoding=\"async\" loading=\"lazy\" class=\"alignnone size-full wp-image-505\" src=\"http:\/\/techno-6eme.collomp.fr\/wp-content\/uploads\/2015\/08\/famille-d\u00e9clic.png\" alt=\"famille d\u00e9clic\" width=\"200\" height=\"137\" \/><\/a><\/p>\n<p><span style=\"text-decoration: underline;\"><strong>LES RESEAUX ET INTERNET :<\/strong><\/span><\/p>\n<p><a href=\"http:\/\/www.cite-sciences.fr\/au-programme\/lieux-ressources\/carrefour-numerique2\/tutoriel\/internet\/cyberbase07_home.html\" target=\"_blank\"><img decoding=\"async\" loading=\"lazy\" class=\"alignnone size-full wp-image-505\" src=\"http:\/\/techno-6eme.collomp.fr\/wp-content\/uploads\/2015\/08\/famille-d\u00e9clic.png\" alt=\"famille d\u00e9clic\" width=\"200\" height=\"137\" \/><\/a><\/p>\n<p><span style=\"text-decoration: underline;\"><strong>QU&rsquo;EST CE QU&rsquo;UNE ADRESSE URL :<\/strong><\/span><\/p>\n<p><a href=\"http:\/\/www.cite-sciences.fr\/au-programme\/lieux-ressources\/carrefour-numerique2\/tutoriel\/url\/cyberbase08_home.html\" target=\"_blank\"><img decoding=\"async\" loading=\"lazy\" class=\"alignnone size-full wp-image-505\" src=\"http:\/\/techno-6eme.collomp.fr\/wp-content\/uploads\/2015\/08\/famille-d\u00e9clic.png\" alt=\"famille d\u00e9clic\" width=\"200\" height=\"137\" \/><\/a><\/p>\n<p><span style=\"text-decoration: underline;\"><strong>QU&rsquo;EST CE QU&rsquo;UN VIRUS ?<\/strong><\/span><\/p>\n<p><a href=\"http:\/\/www.cite-sciences.fr\/au-programme\/lieux-ressources\/carrefour-numerique2\/tutoriel\/virus\/cyberbase06_home.html\" target=\"_blank\"><img decoding=\"async\" loading=\"lazy\" class=\"alignnone size-full wp-image-505\" src=\"http:\/\/techno-6eme.collomp.fr\/wp-content\/uploads\/2015\/08\/famille-d\u00e9clic.png\" alt=\"famille d\u00e9clic\" width=\"200\" height=\"137\" \/><\/a><\/p>\n<p><span style=\"text-decoration: underline;\"><strong>QU&rsquo;EST CE QUE LE TRES HAUT DEBIT (\u00e0 la maison) :<\/strong><\/span><\/p>\n<p><a href=\"http:\/\/www.cite-sciences.fr\/au-programme\/lieux-ressources\/carrefour-numerique2\/tutoriel\/declic-THD_maison.swf\" target=\"_blank\"><img decoding=\"async\" loading=\"lazy\" class=\"alignnone size-full wp-image-505\" src=\"http:\/\/techno-6eme.collomp.fr\/wp-content\/uploads\/2015\/08\/famille-d\u00e9clic.png\" alt=\"famille d\u00e9clic\" width=\"200\" height=\"137\" \/><\/a><\/p>\n<p>&nbsp;<\/p>\n<!-- AddThis Advanced Settings generic via filter on the_content --><!-- AddThis Share Buttons generic via filter on the_content -->","protected":false},"excerpt":{"rendered":"<p>Voici des animations qui vous aideront \u00e0 mieux conna\u00eetre le PC et Internet. Ces animations sont r\u00e9alis\u00e9es par la Cit\u00e9 des Sciences. Le CLAVIER : APPRENDRE A MANIPULER LA SOURIS : L&rsquo;ORDINATEUR ET SES PERIPHERIQUES : L&rsquo;ARBORESCENCE DES FICHIERS : LA RESOLUTION D&rsquo;ECRAN : LE CHEMINEMENT D&rsquo;UN MAIL : LES RESEAUX ET INTERNET : QU&rsquo;EST [&hellip;]<!-- AddThis Advanced Settings generic via filter on get_the_excerpt --><!-- AddThis Share Buttons generic via filter on get_the_excerpt --><\/p>\n","protected":false},"author":1,"featured_media":0,"parent":0,"menu_order":0,"comment_status":"closed","ping_status":"closed","template":"","meta":[],"_links":{"self":[{"href":"http:\/\/www.techno-5eme.collomp.fr\/index.php?rest_route=\/wp\/v2\/pages\/430"}],"collection":[{"href":"http:\/\/www.techno-5eme.collomp.fr\/index.php?rest_route=\/wp\/v2\/pages"}],"about":[{"href":"http:\/\/www.techno-5eme.collomp.fr\/index.php?rest_route=\/wp\/v2\/types\/page"}],"author":[{"embeddable":true,"href":"http:\/\/www.techno-5eme.collomp.fr\/index.php?rest_route=\/wp\/v2\/users\/1"}],"replies":[{"embeddable":true,"href":"http:\/\/www.techno-5eme.collomp.fr\/index.php?rest_route=%2Fwp%2Fv2%2Fcomments&post=430"}],"version-history":[{"count":1,"href":"http:\/\/www.techno-5eme.collomp.fr\/index.php?rest_route=\/wp\/v2\/pages\/430\/revisions"}],"predecessor-version":[{"id":431,"href":"http:\/\/www.techno-5eme.collomp.fr\/index.php?rest_route=\/wp\/v2\/pages\/430\/revisions\/431"}],"wp:attachment":[{"href":"http:\/\/www.techno-5eme.collomp.fr\/index.php?rest_route=%2Fwp%2Fv2%2Fmedia&parent=430"}],"curies":[{"name":"wp","href":"https:\/\/api.w.org\/{rel}","templated":true}]}}