{"id":386,"date":"2015-06-13T15:35:40","date_gmt":"2015-06-13T18:35:40","guid":{"rendered":"http:\/\/www.techno-5eme.collomp.fr\/?page_id=386"},"modified":"2015-06-13T16:50:59","modified_gmt":"2015-06-13T19:50:59","slug":"ressources-habitation","status":"publish","type":"page","link":"http:\/\/www.techno-5eme.collomp.fr\/?page_id=386","title":{"rendered":"Ressources \u00ab\u00a0Habitation\u00a0\u00bb"},"content":{"rendered":"<p><strong><span style=\"text-decoration: underline;\">S\u00e9ance 01<\/span> <\/strong><br \/>\n<iframe loading=\"lazy\" src=\"https:\/\/www.youtube.com\/embed\/7p7iPNhg9SY?feature=player_detailpage\" width=\"640\" height=\"360\" frameborder=\"0\" allowfullscreen=\"allowfullscreen\"><\/iframe><\/p>\n<p><strong><span style=\"text-decoration: underline;\">S\u00e9ance 02<\/span> <\/strong><\/p>\n<p>Dans une maison non isol\u00e9e,<strong>\u00a0les \u00e9changes thermiques peuvent se produire au niveau du\u00a0toit, des murs, des fen\u00eatres<\/strong>&#8230;<\/p>\n<p><img decoding=\"async\" loading=\"lazy\" id=\"il_fi\" src=\"http:\/\/www.google.fr\/url?source=imglanding&amp;ct=img&amp;q=http:\/\/www.nature-et-developpement.com\/images\/schema_pertes_chaleur_maison.gif&amp;sa=X&amp;ved=0CAkQ8wdqFQoTCIqVp9aojcYCFYHrFAodhHYAzw&amp;usg=AFQjCNGjfEAL-Hk3tXMXJqu6ZMZcdhUW3A\" alt=\"\" width=\"286\" height=\"294\" \/><\/p>\n<!-- AddThis Advanced Settings generic via filter on the_content --><!-- AddThis Share Buttons generic via filter on the_content -->","protected":false},"excerpt":{"rendered":"<p>S\u00e9ance 01 S\u00e9ance 02 Dans une maison non isol\u00e9e,\u00a0les \u00e9changes thermiques peuvent se produire au niveau du\u00a0toit, des murs, des fen\u00eatres&#8230;<!-- AddThis Advanced Settings generic via filter on get_the_excerpt --><!-- AddThis Share Buttons generic via filter on get_the_excerpt --><\/p>\n","protected":false},"author":1,"featured_media":0,"parent":0,"menu_order":0,"comment_status":"open","ping_status":"open","template":"","meta":[],"_links":{"self":[{"href":"http:\/\/www.techno-5eme.collomp.fr\/index.php?rest_route=\/wp\/v2\/pages\/386"}],"collection":[{"href":"http:\/\/www.techno-5eme.collomp.fr\/index.php?rest_route=\/wp\/v2\/pages"}],"about":[{"href":"http:\/\/www.techno-5eme.collomp.fr\/index.php?rest_route=\/wp\/v2\/types\/page"}],"author":[{"embeddable":true,"href":"http:\/\/www.techno-5eme.collomp.fr\/index.php?rest_route=\/wp\/v2\/users\/1"}],"replies":[{"embeddable":true,"href":"http:\/\/www.techno-5eme.collomp.fr\/index.php?rest_route=%2Fwp%2Fv2%2Fcomments&post=386"}],"version-history":[{"count":3,"href":"http:\/\/www.techno-5eme.collomp.fr\/index.php?rest_route=\/wp\/v2\/pages\/386\/revisions"}],"predecessor-version":[{"id":389,"href":"http:\/\/www.techno-5eme.collomp.fr\/index.php?rest_route=\/wp\/v2\/pages\/386\/revisions\/389"}],"wp:attachment":[{"href":"http:\/\/www.techno-5eme.collomp.fr\/index.php?rest_route=%2Fwp%2Fv2%2Fmedia&parent=386"}],"curies":[{"name":"wp","href":"https:\/\/api.w.org\/{rel}","templated":true}]}}