{"id":381,"date":"2015-05-11T21:52:03","date_gmt":"2015-05-12T00:52:03","guid":{"rendered":"http:\/\/www.techno-5eme.collomp.fr\/?page_id=381"},"modified":"2015-05-11T21:54:58","modified_gmt":"2015-05-12T00:54:58","slug":"ressources-environnement-de-kourou","status":"publish","type":"page","link":"http:\/\/www.techno-5eme.collomp.fr\/?page_id=381","title":{"rendered":"Ressources \u00ab\u00a0Environnement du coll\u00e8ge\u00a0\u00bb"},"content":{"rendered":"<p><span style=\"text-decoration: underline;\"><strong>S\u00e9ance 01<\/strong><\/span><\/p>\n<p>&#8211;<\/p>\n<p><span style=\"text-decoration: underline;\"><strong>S\u00e9ance 02<\/strong> <\/span><\/p>\n<p>La <a title=\"Informations sur Kourou\" href=\"http:\/\/www.carte-france.info\/ville-97310-kourou\/\">ville de Kourou<\/a> comptait lors du recensement de 2009 une population de 25 514 habitants. Avec une superficie de 2 km\u00b2, la ville de Kourou a une densit\u00e9 de population de 12 757 habitants par kilom\u00e8tre carr\u00e9 (h\/Km\u00b2).<\/p>\n<p>Les 25 514 habitants de Kourou sont appel\u00e9s Kourouciens.<\/p>\n<p>Kourou comptait 3 117 habitants en 1968, 4 720 habitants en 1975, 7 061 habitants en 1982, 13 873 habitants en 1990, 19 074 habitants en 1999, 25 514 habitants en 2009, chiffres ayant \u00e9volu\u00e9s en fonction du mode de comptage de la population au fil des recensements.<\/p>\n<p>Les 25 514 habitants de Kourou comptabilis\u00e9s pour l&rsquo;ann\u00e9e 2009 font r\u00e9f\u00e9rence \u00e0 la population municipale (entendu population sans doubles comptes de Kourou).<\/p>\n<h2>Evolution de la population de Kourou<\/h2>\n<p>Statistiques d\u00e9taill\u00e9es sur l&rsquo;\u00e9volution de la population de Kourou de 1968 \u00e0 2009 .<\/p>\n<table border=\"1\" width=\"100%\">\n<tbody>\n<tr>\n<th>Ann\u00e9e<\/th>\n<th>1968<\/th>\n<th>1975<\/th>\n<th>1982<\/th>\n<th>1990<\/th>\n<th>1999<\/th>\n<th>2009<\/th>\n<\/tr>\n<tr>\n<td class=\"col_une\">Population<\/td>\n<td>3 117<\/td>\n<td>4 720<\/td>\n<td>7 061<\/td>\n<td>13 873<\/td>\n<td>19 074<\/td>\n<td>25 514<\/td>\n<\/tr>\n<tr>\n<td class=\"col_une\">Densit\u00e9 (h\/Km\u00b2)<\/td>\n<td>1 559<\/td>\n<td>2 360<\/td>\n<td>3 531<\/td>\n<td>6 937<\/td>\n<td>9 537<\/td>\n<td>12 757<\/td>\n<\/tr>\n<\/tbody>\n<\/table>\n<div class=\"separateur espace_horizontal\"><\/div>\n<h2>Graphique de l&rsquo;\u00e9volution de la population de Kourou<\/h2>\n<p>Graphique de l&rsquo;\u00e9volution de la population de Kourou de 1968 \u00e0 2009 .<\/p>\n<div id=\"graph_pop\">\n<div>\n<div dir=\"ltr\">\n<div>Evolution de la populationPopulation1968197519821990199920092\u00a00009\u00a000016\u00a000023\u00a000030\u00a0000Evolution de la population<\/p>\n<div>\n<table>\n<thead>\n<tr>\n<th>Ann\u00e9e<\/th>\n<th>Population<\/th>\n<\/tr>\n<\/thead>\n<tbody>\n<tr>\n<td>1968<\/td>\n<td>3117<\/td>\n<\/tr>\n<tr>\n<td>1975<\/td>\n<td>4720<\/td>\n<\/tr>\n<tr>\n<td>1982<\/td>\n<td>7061<\/td>\n<\/tr>\n<tr>\n<td>1990<\/td>\n<td>13873<\/td>\n<\/tr>\n<tr>\n<td>1999<\/td>\n<td>19074<\/td>\n<\/tr>\n<tr>\n<td>2009<\/td>\n<td>25514<\/td>\n<\/tr>\n<\/tbody>\n<\/table>\n<\/div>\n<\/div>\n<\/div>\n<div><a href=\"http:\/\/www.techno-5eme.collomp.fr\/wp-content\/uploads\/2015\/05\/evolution-population-kourou.jpg\"><img decoding=\"async\" loading=\"lazy\" class=\"  wp-image-382 aligncenter\" src=\"http:\/\/www.techno-5eme.collomp.fr\/wp-content\/uploads\/2015\/05\/evolution-population-kourou-300x183.jpg\" alt=\"evolution population kourou\" width=\"441\" height=\"269\" srcset=\"http:\/\/www.techno-5eme.collomp.fr\/wp-content\/uploads\/2015\/05\/evolution-population-kourou-300x183.jpg 300w, http:\/\/www.techno-5eme.collomp.fr\/wp-content\/uploads\/2015\/05\/evolution-population-kourou.jpg 556w\" sizes=\"(max-width: 441px) 100vw, 441px\" \/><\/a><\/div>\n<div><\/div>\n<\/div>\n<\/div>\n<!-- AddThis Advanced Settings generic via filter on the_content --><!-- AddThis Share Buttons generic via filter on the_content -->","protected":false},"excerpt":{"rendered":"<p>S\u00e9ance 01 &#8211; S\u00e9ance 02 La ville de Kourou comptait lors du recensement de 2009 une population de 25 514 habitants. Avec une superficie de 2 km\u00b2, la ville de Kourou a une densit\u00e9 de population de 12 757 habitants par kilom\u00e8tre carr\u00e9 (h\/Km\u00b2). Les 25 514 habitants de Kourou sont appel\u00e9s Kourouciens. Kourou comptait [&hellip;]<!-- AddThis Advanced Settings generic via filter on get_the_excerpt --><!-- AddThis Share Buttons generic via filter on get_the_excerpt --><\/p>\n","protected":false},"author":1,"featured_media":0,"parent":0,"menu_order":0,"comment_status":"open","ping_status":"open","template":"","meta":[],"_links":{"self":[{"href":"http:\/\/www.techno-5eme.collomp.fr\/index.php?rest_route=\/wp\/v2\/pages\/381"}],"collection":[{"href":"http:\/\/www.techno-5eme.collomp.fr\/index.php?rest_route=\/wp\/v2\/pages"}],"about":[{"href":"http:\/\/www.techno-5eme.collomp.fr\/index.php?rest_route=\/wp\/v2\/types\/page"}],"author":[{"embeddable":true,"href":"http:\/\/www.techno-5eme.collomp.fr\/index.php?rest_route=\/wp\/v2\/users\/1"}],"replies":[{"embeddable":true,"href":"http:\/\/www.techno-5eme.collomp.fr\/index.php?rest_route=%2Fwp%2Fv2%2Fcomments&post=381"}],"version-history":[{"count":2,"href":"http:\/\/www.techno-5eme.collomp.fr\/index.php?rest_route=\/wp\/v2\/pages\/381\/revisions"}],"predecessor-version":[{"id":384,"href":"http:\/\/www.techno-5eme.collomp.fr\/index.php?rest_route=\/wp\/v2\/pages\/381\/revisions\/384"}],"wp:attachment":[{"href":"http:\/\/www.techno-5eme.collomp.fr\/index.php?rest_route=%2Fwp%2Fv2%2Fmedia&parent=381"}],"curies":[{"name":"wp","href":"https:\/\/api.w.org\/{rel}","templated":true}]}}