{"id":299,"date":"2014-11-09T13:56:06","date_gmt":"2014-11-09T16:56:06","guid":{"rendered":"http:\/\/www.techno-5eme.collomp.fr\/?page_id=299"},"modified":"2015-08-28T16:49:41","modified_gmt":"2015-08-28T19:49:41","slug":"ressources-sur-la-salle-de-technologie","status":"publish","type":"page","link":"http:\/\/www.techno-5eme.collomp.fr\/?page_id=299","title":{"rendered":"Ressources sur \u00ab\u00a0La salle de technologie\u00a0\u00bb"},"content":{"rendered":"<p><strong>Voici les ressources utiles pour r\u00e9aliser vos investigations dans le centre d&rsquo;int\u00e9r\u00eat \u00ab\u00a0La salle de technologie\u00a0\u00bb.<\/strong><\/p>\n<p>&nbsp;<\/p>\n<p><strong>S\u00e9ance 01<\/strong> : Le poste de travail<\/p>\n<p>Voici des animations qui vous aideront \u00e0 mieux conna\u00eetre le PC et Internet. Ces animations sont r\u00e9alis\u00e9es par la Cit\u00e9 des Sciences.<\/p>\n<p><strong><span style=\"text-decoration: underline;\">Le CLAVIER :<\/span><\/strong><\/p>\n<p><a href=\"http:\/\/www.cite-sciences.fr\/au-programme\/lieux-ressources\/carrefour-numerique2\/tutoriel\/cyberbase03\/\" target=\"_blank\"><img decoding=\"async\" loading=\"lazy\" class=\"alignnone size-full wp-image-505\" src=\"http:\/\/techno-6eme.collomp.fr\/wp-content\/uploads\/2015\/08\/famille-d\u00e9clic.png\" alt=\"famille d\u00e9clic\" width=\"200\" height=\"137\" \/><\/a><\/p>\n<p><span style=\"text-decoration: underline;\"><strong>APPRENDRE A MANIPULER LA SOURIS :<\/strong><\/span><\/p>\n<p><a href=\"http:\/\/www.cite-sciences.fr\/au-programme\/lieux-ressources\/carrefour-numerique\/tutoriel\/cyberbase05\/index.html\" target=\"_blank\"><img decoding=\"async\" loading=\"lazy\" class=\"alignnone size-full wp-image-505\" src=\"http:\/\/techno-6eme.collomp.fr\/wp-content\/uploads\/2015\/08\/famille-d\u00e9clic.png\" alt=\"famille d\u00e9clic\" width=\"200\" height=\"137\" \/><\/a><\/p>\n<p><span style=\"text-decoration: underline;\"><strong>L&rsquo;ORDINATEUR ET SES PERIPHERIQUES :<\/strong><\/span><\/p>\n<p><a href=\"http:\/\/www.cite-sciences.fr\/au-programme\/lieux-ressources\/carrefour-numerique2\/tutoriel\/ordinateur\/cyberbase09_home.html\" target=\"_blank\"><img decoding=\"async\" loading=\"lazy\" class=\"alignnone size-full wp-image-505\" src=\"http:\/\/techno-6eme.collomp.fr\/wp-content\/uploads\/2015\/08\/famille-d\u00e9clic.png\" alt=\"famille d\u00e9clic\" width=\"200\" height=\"137\" \/><\/a><\/p>\n<p><strong><span style=\"text-decoration: underline;\">L&rsquo;ARBORESCENCE DES FICHIERS :<\/span><\/strong><\/p>\n<p><a href=\"http:\/\/www.cite-sciences.fr\/au-programme\/lieux-ressources\/carrefour-numerique2\/tutoriel\/cyberbase04\/\" target=\"_blank\"><img decoding=\"async\" loading=\"lazy\" class=\"alignnone size-full wp-image-505\" src=\"http:\/\/techno-6eme.collomp.fr\/wp-content\/uploads\/2015\/08\/famille-d\u00e9clic.png\" alt=\"famille d\u00e9clic\" width=\"200\" height=\"137\" \/><\/a><\/p>\n<p><strong><span style=\"text-decoration: underline;\">LA RESOLUTION D&rsquo;ECRAN :<\/span><\/strong><\/p>\n<p><a href=\"http:\/\/www.cite-sciences.fr\/au-programme\/lieux-ressources\/carrefour-numerique\/tutoriel\/cyberbase02\/index.html\" target=\"_blank\"><img decoding=\"async\" loading=\"lazy\" class=\"alignnone size-full wp-image-505\" src=\"http:\/\/techno-6eme.collomp.fr\/wp-content\/uploads\/2015\/08\/famille-d\u00e9clic.png\" alt=\"famille d\u00e9clic\" width=\"200\" height=\"137\" \/><\/a><\/p>\n<p><span style=\"text-decoration: underline;\"><strong>LE CHEMINEMENT D&rsquo;UN MAIL :<\/strong><\/span><\/p>\n<p><a href=\"http:\/\/www.cite-sciences.fr\/au-programme\/lieux-ressources\/carrefour-numerique2\/tutoriel\/cyberbase01\/\" target=\"_blank\"><img decoding=\"async\" loading=\"lazy\" class=\"alignnone size-full wp-image-505\" src=\"http:\/\/techno-6eme.collomp.fr\/wp-content\/uploads\/2015\/08\/famille-d\u00e9clic.png\" alt=\"famille d\u00e9clic\" width=\"200\" height=\"137\" \/><\/a><\/p>\n<p><span style=\"text-decoration: underline;\"><strong>LES RESEAUX ET INTERNET :<\/strong><\/span><\/p>\n<p><a href=\"http:\/\/www.cite-sciences.fr\/au-programme\/lieux-ressources\/carrefour-numerique2\/tutoriel\/internet\/cyberbase07_home.html\" target=\"_blank\"><img decoding=\"async\" loading=\"lazy\" class=\"alignnone size-full wp-image-505\" src=\"http:\/\/techno-6eme.collomp.fr\/wp-content\/uploads\/2015\/08\/famille-d\u00e9clic.png\" alt=\"famille d\u00e9clic\" width=\"200\" height=\"137\" \/><\/a><\/p>\n<p><span style=\"text-decoration: underline;\"><strong>QU&rsquo;EST CE QU&rsquo;UNE ADRESSE URL :<\/strong><\/span><\/p>\n<p><a href=\"http:\/\/www.cite-sciences.fr\/au-programme\/lieux-ressources\/carrefour-numerique2\/tutoriel\/url\/cyberbase08_home.html\" target=\"_blank\"><img decoding=\"async\" loading=\"lazy\" class=\"alignnone size-full wp-image-505\" src=\"http:\/\/techno-6eme.collomp.fr\/wp-content\/uploads\/2015\/08\/famille-d\u00e9clic.png\" alt=\"famille d\u00e9clic\" width=\"200\" height=\"137\" \/><\/a><\/p>\n<p><span style=\"text-decoration: underline;\"><strong>QU&rsquo;EST CE QU&rsquo;UN VIRUS ?<\/strong><\/span><\/p>\n<p><a href=\"http:\/\/www.cite-sciences.fr\/au-programme\/lieux-ressources\/carrefour-numerique2\/tutoriel\/virus\/cyberbase06_home.html\" target=\"_blank\"><img decoding=\"async\" loading=\"lazy\" class=\"alignnone size-full wp-image-505\" src=\"http:\/\/techno-6eme.collomp.fr\/wp-content\/uploads\/2015\/08\/famille-d\u00e9clic.png\" alt=\"famille d\u00e9clic\" width=\"200\" height=\"137\" \/><\/a><\/p>\n<p><span style=\"text-decoration: underline;\"><strong>QU&rsquo;EST CE QUE LE TRES HAUT DEBIT (\u00e0 la maison) :<\/strong><\/span><\/p>\n<p><a href=\"http:\/\/www.cite-sciences.fr\/au-programme\/lieux-ressources\/carrefour-numerique2\/tutoriel\/declic-THD_maison.swf\" target=\"_blank\"><img decoding=\"async\" loading=\"lazy\" class=\"alignnone size-full wp-image-505\" src=\"http:\/\/techno-6eme.collomp.fr\/wp-content\/uploads\/2015\/08\/famille-d\u00e9clic.png\" alt=\"famille d\u00e9clic\" width=\"200\" height=\"137\" \/><\/a><\/p>\n<p>&nbsp;<\/p>\n<p>Pour r\u00e9aliser\u00a0 l&rsquo;activit\u00e9 cliquer sur le lien suivant : \u00ab\u00a0<a title=\"Activit\u00e9 en ligne sur Technoflash.com\" href=\"http:\/\/www.techno-flash.com\/activites\/6_peripheriques\/peripheriques.htm\" target=\"_blank\">Les p\u00e9riph\u00e9riques<\/a>\u00a0\u00bb<br \/>\npour aller plus loin, voici une animation sur les probl\u00e8mes li\u00e9s aux coupures \u00e9lectriques :<\/p>\n<p><object id=\"animation140\" width=\"700\" height=\"415\" classid=\"clsid:d27cdb6e-ae6d-11cf-96b8-444553540000\" codebase=\"http:\/\/download.macromedia.com\/pub\/shockwave\/cabs\/flash\/swflash.cab#version=9,0,0,0\" align=\"middle\"><param name=\"movie\" value=\"http:\/\/www.explania.com\/api\/1.0\/?method=animations.getPlayer\" \/><param name=\"allowFullScreen\" value=\"true\" \/><param name=\"allowscriptaccess\" value=\"always\" \/><param name=\"quality\" value=\"high\" \/><param name=\"bgcolor\" value=\"#ffffff\" \/><param name=\"wmode\" value=\"transparent\" \/><param name=\"FlashVars\" value=\"id=140&amp;language=fr&amp;embedded=true&amp;type=animation\" \/><embed src=\"http:\/\/www.explania.com\/api\/1.0\/?method=animations.getPlayer\" type=\"application\/x-shockwave-flash\" allowscriptaccess=\"always\" wmode=\"transparent\" allowfullscreen=\"allowfullscreen\" width=\"700\" height=\"415\" bgcolor=\"#ffffff\" flashvars=\"id=140&amp;language=fr&amp;embedded=true&amp;type=animation\" \/><\/object><br \/>\n<a href=\"http:\/\/www.explania.com\/fr\/chaines\/materiel-reseaux\/detail\/ups-et-les-variations-du-courant-electrique\">UPS et les variations du courant \u00e9lectrique <\/a> &#8211; <a href=\"http:\/\/www.explania.com\">Explania<\/a><\/p>\n<p>&nbsp;<\/p>\n<p><strong>S\u00e9ance 02<\/strong> : Les r\u00e9seaux informatiques<\/p>\n<p>-Les r\u00e9seaux :<\/p>\n<p><object id=\"animation104\" width=\"700\" height=\"415\" classid=\"clsid:d27cdb6e-ae6d-11cf-96b8-444553540000\" codebase=\"http:\/\/download.macromedia.com\/pub\/shockwave\/cabs\/flash\/swflash.cab#version=9,0,0,0\" align=\"middle\"><param name=\"movie\" value=\"http:\/\/www.explania.com\/api\/1.0\/?method=animations.getPlayer\" \/><param name=\"allowFullScreen\" value=\"true\" \/><param name=\"allowscriptaccess\" value=\"always\" \/><param name=\"quality\" value=\"high\" \/><param name=\"bgcolor\" value=\"#ffffff\" \/><param name=\"wmode\" value=\"transparent\" \/><param name=\"FlashVars\" value=\"id=104&amp;language=fr&amp;embedded=true&amp;type=animation\" \/><embed src=\"http:\/\/www.explania.com\/api\/1.0\/?method=animations.getPlayer\" type=\"application\/x-shockwave-flash\" allowscriptaccess=\"always\" wmode=\"transparent\" allowfullscreen=\"allowfullscreen\" width=\"700\" height=\"415\" bgcolor=\"#ffffff\" flashvars=\"id=104&amp;language=fr&amp;embedded=true&amp;type=animation\" \/><\/object><br \/>\n<a href=\"http:\/\/www.explania.com\/fr\/chaines\/materiel-reseaux\/detail\/choix-dune-configuration-reseau\">Choix d\u2019une configuration r\u00e9seau <\/a> &#8211; <a href=\"http:\/\/www.explania.com\">Explania<\/a><\/p>\n<p>Pour aller plus loin, voici une animation sur les r\u00e9seaux sans fil (WIFI):<\/p>\n<p><object id=\"animation122\" width=\"700\" height=\"415\" classid=\"clsid:d27cdb6e-ae6d-11cf-96b8-444553540000\" codebase=\"http:\/\/download.macromedia.com\/pub\/shockwave\/cabs\/flash\/swflash.cab#version=9,0,0,0\" align=\"middle\"><param name=\"movie\" value=\"http:\/\/www.explania.com\/api\/1.0\/?method=animations.getPlayer\" \/><param name=\"allowFullScreen\" value=\"true\" \/><param name=\"allowscriptaccess\" value=\"always\" \/><param name=\"quality\" value=\"high\" \/><param name=\"bgcolor\" value=\"#ffffff\" \/><param name=\"wmode\" value=\"transparent\" \/><param name=\"FlashVars\" value=\"id=122&amp;language=fr&amp;embedded=true&amp;type=animation\" \/><embed src=\"http:\/\/www.explania.com\/api\/1.0\/?method=animations.getPlayer\" type=\"application\/x-shockwave-flash\" allowscriptaccess=\"always\" wmode=\"transparent\" allowfullscreen=\"allowfullscreen\" width=\"700\" height=\"415\" bgcolor=\"#ffffff\" flashvars=\"id=122&amp;language=fr&amp;embedded=true&amp;type=animation\" \/><\/object><br \/>\n<a href=\"http:\/\/www.explania.com\/fr\/chaines\/materiel-reseaux\/detail\/cest-quoi-un-reseau-sans-fil\">C&rsquo;est quoi un r\u00e9seau sans fil? <\/a> &#8211; <a href=\"http:\/\/www.explania.com\">Explania<\/a><br \/>\n<strong>S\u00e9ance 03<\/strong> :<\/p>\n<!-- AddThis Advanced Settings generic via filter on the_content --><!-- AddThis Share Buttons generic via filter on the_content -->","protected":false},"excerpt":{"rendered":"<p>Voici les ressources utiles pour r\u00e9aliser vos investigations dans le centre d&rsquo;int\u00e9r\u00eat \u00ab\u00a0La salle de technologie\u00a0\u00bb. &nbsp; S\u00e9ance 01 : Le poste de travail Voici des animations qui vous aideront \u00e0 mieux conna\u00eetre le PC et Internet. Ces animations sont r\u00e9alis\u00e9es par la Cit\u00e9 des Sciences. Le CLAVIER : APPRENDRE A MANIPULER LA SOURIS : [&hellip;]<!-- AddThis Advanced Settings generic via filter on get_the_excerpt --><!-- AddThis Share Buttons generic via filter on get_the_excerpt --><\/p>\n","protected":false},"author":1,"featured_media":0,"parent":0,"menu_order":0,"comment_status":"open","ping_status":"open","template":"","meta":[],"_links":{"self":[{"href":"http:\/\/www.techno-5eme.collomp.fr\/index.php?rest_route=\/wp\/v2\/pages\/299"}],"collection":[{"href":"http:\/\/www.techno-5eme.collomp.fr\/index.php?rest_route=\/wp\/v2\/pages"}],"about":[{"href":"http:\/\/www.techno-5eme.collomp.fr\/index.php?rest_route=\/wp\/v2\/types\/page"}],"author":[{"embeddable":true,"href":"http:\/\/www.techno-5eme.collomp.fr\/index.php?rest_route=\/wp\/v2\/users\/1"}],"replies":[{"embeddable":true,"href":"http:\/\/www.techno-5eme.collomp.fr\/index.php?rest_route=%2Fwp%2Fv2%2Fcomments&post=299"}],"version-history":[{"count":8,"href":"http:\/\/www.techno-5eme.collomp.fr\/index.php?rest_route=\/wp\/v2\/pages\/299\/revisions"}],"predecessor-version":[{"id":434,"href":"http:\/\/www.techno-5eme.collomp.fr\/index.php?rest_route=\/wp\/v2\/pages\/299\/revisions\/434"}],"wp:attachment":[{"href":"http:\/\/www.techno-5eme.collomp.fr\/index.php?rest_route=%2Fwp%2Fv2%2Fmedia&parent=299"}],"curies":[{"name":"wp","href":"https:\/\/api.w.org\/{rel}","templated":true}]}}