{"id":292,"date":"2014-11-09T13:31:38","date_gmt":"2014-11-09T16:31:38","guid":{"rendered":"http:\/\/www.techno-5eme.collomp.fr\/?page_id=292"},"modified":"2015-08-28T17:00:30","modified_gmt":"2015-08-28T20:00:30","slug":"les-ressources-pour-les-activites-les-ponts","status":"publish","type":"page","link":"http:\/\/www.techno-5eme.collomp.fr\/?page_id=292","title":{"rendered":"Ressources pour \u00ab\u00a0Les ponts\u00a0\u00bb"},"content":{"rendered":"<p><strong>Toutes les ressources n\u00e9cessaires pour r\u00e9aliser les activit\u00e9s sur \u00ab\u00a0les ponts\u00a0\u00bb sont pr\u00e9sent\u00e9es sur cette page.<\/strong><\/p>\n<p><span style=\"text-decoration: underline;\"><strong>S\u00e9ance 04<\/strong><\/span><\/p>\n<p>1-Voici une animation qui vous permettra de vous informer sur les ponts. (en ligne sur le site www.brainpop.fr)<\/p>\n<p>&nbsp;<\/p>\n<p><span style=\"text-decoration: underline;\"><strong>S\u00e9ance 05<\/strong><\/span><\/p>\n<p><iframe loading=\"lazy\" src=\"http:\/\/www.brainpop.fr\/fr\/technoingenierie\/produitsetindustrie\/ponts\/\" width=\"750\" height=\"600\"><\/iframe><\/p>\n<p>2- Voici des exp\u00e9riences virtuelles permettant de comprendre les \u00e9l\u00e9ments m\u00e9caniques qui entre en jeu lors de la conception d&rsquo;un pont (les forces, les charges, les mat\u00e9riaux et les formes).<\/p>\n<p>&#8211; Les forces : Explications des diff\u00e9rentes <strong>actions m\u00e9caniques<\/strong> auxquelles peuvent \u00eatre soumises des structures. (compression, traction, flexion, cisaillement, torsion)<\/p>\n<p><object width=\"750\" height=\"500\" classid=\"clsid:d27cdb6e-ae6d-11cf-96b8-444553540000\" codebase=\"http:\/\/download.macromedia.com\/pub\/shockwave\/cabs\/flash\/swflash.cab#version=6,0,40,0\"><param name=\"fullscreen\" value=\"yes\" \/><param name=\"src\" value=\"http:\/\/www-tc.pbs.org\/wgbh\/buildingbig\/lab\/swf\/forces.swf\" \/><embed width=\"750\" height=\"500\" type=\"application\/x-shockwave-flash\" src=\"http:\/\/www-tc.pbs.org\/wgbh\/buildingbig\/lab\/swf\/forces.swf\" fullscreen=\"yes\" \/><\/object><\/p>\n<p>&#8211; Les charges : Explications des diff\u00e9rentes <strong>actions m\u00e9caniques externes<\/strong> qui peuvent influer sur la structure (poids de la structure, poids des objets, sol mou, temp\u00e9rature, tremblement de terre, vent, vibrations)<\/p>\n<p><object width=\"750\" height=\"500\" classid=\"clsid:d27cdb6e-ae6d-11cf-96b8-444553540000\" codebase=\"http:\/\/download.macromedia.com\/pub\/shockwave\/cabs\/flash\/swflash.cab#version=6,0,40,0\"><param name=\"fullscreen\" value=\"yes\" \/><param name=\"src\" value=\"http:\/\/www-tc.pbs.org\/wgbh\/buildingbig\/lab\/swf\/loads.swf\" \/><embed width=\"750\" height=\"500\" type=\"application\/x-shockwave-flash\" src=\"http:\/\/www-tc.pbs.org\/wgbh\/buildingbig\/lab\/swf\/loads.swf\" fullscreen=\"yes\" \/><\/object><\/p>\n<p>&#8211; Les mat\u00e9riaux : <strong>Banc d&rsquo;essais<\/strong> en <strong>compression<\/strong> ou en<strong> traction<\/strong> de plusieurs mat\u00e9riaux (bois, plastique, aluminium, brique, b\u00e9ton, b\u00e9ton arm\u00e9, fonte, acier)<\/p>\n<p><object width=\"750\" height=\"500\" classid=\"clsid:d27cdb6e-ae6d-11cf-96b8-444553540000\" codebase=\"http:\/\/download.macromedia.com\/pub\/shockwave\/cabs\/flash\/swflash.cab#version=6,0,40,0\"><param name=\"fullscreen\" value=\"yes\" \/><param name=\"src\" value=\"http:\/\/www-tc.pbs.org\/wgbh\/buildingbig\/lab\/swf\/materials.swf\" \/><embed width=\"750\" height=\"500\" type=\"application\/x-shockwave-flash\" src=\"http:\/\/www-tc.pbs.org\/wgbh\/buildingbig\/lab\/swf\/materials.swf\" fullscreen=\"yes\" \/><\/object><\/p>\n<p>&#8211; Les formes : <strong>Bans d&rsquo;essai<\/strong> des <strong>formes<\/strong> soumises \u00e0 des charges (rectangle, arc de cercle, triangle)<\/p>\n<p><object width=\"750\" height=\"500\" classid=\"clsid:d27cdb6e-ae6d-11cf-96b8-444553540000\" codebase=\"http:\/\/download.macromedia.com\/pub\/shockwave\/cabs\/flash\/swflash.cab#version=6,0,40,0\"><param name=\"fullscreen\" value=\"yes\" \/><param name=\"src\" value=\"http:\/\/www-tc.pbs.org\/wgbh\/buildingbig\/lab\/swf\/shapes.swf\" \/><embed width=\"750\" height=\"500\" type=\"application\/x-shockwave-flash\" src=\"http:\/\/www-tc.pbs.org\/wgbh\/buildingbig\/lab\/swf\/shapes.swf\" fullscreen=\"yes\" \/><\/object><\/p>\n<!-- AddThis Advanced Settings generic via filter on the_content --><!-- AddThis Share Buttons generic via filter on the_content -->","protected":false},"excerpt":{"rendered":"<p>Toutes les ressources n\u00e9cessaires pour r\u00e9aliser les activit\u00e9s sur \u00ab\u00a0les ponts\u00a0\u00bb sont pr\u00e9sent\u00e9es sur cette page. S\u00e9ance 04 1-Voici une animation qui vous permettra de vous informer sur les ponts. (en ligne sur le site www.brainpop.fr) &nbsp; S\u00e9ance 05 2- Voici des exp\u00e9riences virtuelles permettant de comprendre les \u00e9l\u00e9ments m\u00e9caniques qui entre en jeu lors [&hellip;]<!-- AddThis Advanced Settings generic via filter on get_the_excerpt --><!-- AddThis Share Buttons generic via filter on get_the_excerpt --><\/p>\n","protected":false},"author":1,"featured_media":0,"parent":0,"menu_order":0,"comment_status":"open","ping_status":"open","template":"","meta":[],"_links":{"self":[{"href":"http:\/\/www.techno-5eme.collomp.fr\/index.php?rest_route=\/wp\/v2\/pages\/292"}],"collection":[{"href":"http:\/\/www.techno-5eme.collomp.fr\/index.php?rest_route=\/wp\/v2\/pages"}],"about":[{"href":"http:\/\/www.techno-5eme.collomp.fr\/index.php?rest_route=\/wp\/v2\/types\/page"}],"author":[{"embeddable":true,"href":"http:\/\/www.techno-5eme.collomp.fr\/index.php?rest_route=\/wp\/v2\/users\/1"}],"replies":[{"embeddable":true,"href":"http:\/\/www.techno-5eme.collomp.fr\/index.php?rest_route=%2Fwp%2Fv2%2Fcomments&post=292"}],"version-history":[{"count":8,"href":"http:\/\/www.techno-5eme.collomp.fr\/index.php?rest_route=\/wp\/v2\/pages\/292\/revisions"}],"predecessor-version":[{"id":435,"href":"http:\/\/www.techno-5eme.collomp.fr\/index.php?rest_route=\/wp\/v2\/pages\/292\/revisions\/435"}],"wp:attachment":[{"href":"http:\/\/www.techno-5eme.collomp.fr\/index.php?rest_route=%2Fwp%2Fv2%2Fmedia&parent=292"}],"curies":[{"name":"wp","href":"https:\/\/api.w.org\/{rel}","templated":true}]}}